{"id":86,"date":"2022-12-12T22:43:58","date_gmt":"2022-12-12T19:43:58","guid":{"rendered":"https:\/\/www.egeeldiven.com\/?page_id=86"},"modified":"2022-12-12T23:05:37","modified_gmt":"2022-12-12T20:05:37","slug":"pamuk-orgu-is-eldiveni","status":"publish","type":"page","link":"https:\/\/www.egeeldiven.com\/?page_id=86","title":{"rendered":"Pamuk \u00d6rg\u00fc \u0130\u015f Eldiveni"},"content":{"rendered":"\n<figure class=\"wp-block-image size-full\"><img decoding=\"async\" loading=\"lazy\" width=\"491\" height=\"517\" src=\"https:\/\/www.egeeldiven.com\/wp-content\/uploads\/2022\/12\/Pamuk-Orgu-Is-Eldiveni.png\" alt=\"\" class=\"wp-image-118\" srcset=\"https:\/\/www.egeeldiven.com\/wp-content\/uploads\/2022\/12\/Pamuk-Orgu-Is-Eldiveni.png 491w, https:\/\/www.egeeldiven.com\/wp-content\/uploads\/2022\/12\/Pamuk-Orgu-Is-Eldiveni-285x300.png 285w\" sizes=\"(max-width: 491px) 100vw, 491px\" \/><figcaption class=\"wp-element-caption\"><strong>Teknik Nitelikler;<\/strong><br>&#8211;\u00a0\u00a0\u00a0\u00a0\u00a0\u00a0 Kuru \u00e7al\u0131\u015fma ortamlar\u0131nda genel kullan\u0131m amac\u0131yla tasarlanm\u0131\u015f i\u015f eldivenidir.<br>&#8211;\u00a0\u00a0\u00a0\u00a0\u00a0\u00a0 Pamuk ve Polyester kar\u0131\u015f\u0131m\u0131 ile \u00fcretilir.<br>\u00a0<br><strong>Genel Nitelikler;<\/strong><br>&#8211;\u00a0\u00a0\u00a0\u00a0\u00a0\u00a0 Diki\u015f bulunmaz, diki\u015fli eldivenlere g\u00f6re \u00e7ok daha rahat kullan\u0131l\u0131r ve uzun \u00f6m\u00fcrl\u00fcd\u00fcr.<br>&#8211;\u00a0\u00a0\u00a0\u00a0\u00a0\u00a0 \u00d6rg\u00fc yap\u0131s\u0131 ile hava dola\u015f\u0131m\u0131 sa\u011flar, terlemeyi \u00f6nler, konfor ve hijyen sa\u011flar.<br>&#8211;\u00a0\u00a0\u00a0\u00a0\u00a0\u00a0 \u00c7ift olarak sat\u0131lmaktad\u0131r.<br>\u00a0<br><strong>Kullan\u0131ld\u0131\u011f\u0131 Sekt\u00f6rler;<\/strong><br>&#8211;\u00a0\u00a0\u00a0\u00a0\u00a0\u00a0 Otomativ<br>&#8211;\u00a0\u00a0\u00a0\u00a0\u00a0\u00a0 \u0130n\u015faat<br>&#8211;\u00a0\u00a0\u00a0\u00a0\u00a0\u00a0 Kau\u00e7uk \u00dcretimi<br>&#8211;\u00a0\u00a0\u00a0\u00a0\u00a0\u00a0 Makine \u00dcretimi<br>&#8211;\u00a0\u00a0\u00a0\u00a0\u00a0\u00a0 Metal \u00dcretimi \/ \u0130\u015fleme<br>&#8211;\u00a0\u00a0\u00a0\u00a0\u00a0\u00a0 Lojistik<\/figcaption><\/figure>\n","protected":false},"excerpt":{"rendered":"","protected":false},"author":1,"featured_media":0,"parent":0,"menu_order":0,"comment_status":"closed","ping_status":"closed","template":"","meta":[],"yoast_head":"<!-- This site is optimized with the Yoast SEO plugin v19.11 - https:\/\/yoast.com\/wordpress\/plugins\/seo\/ -->\n<title>Pamuk \u00d6rg\u00fc \u0130\u015f Eldiveni - EGE ELD\u0130VEN<\/title>\n<meta name=\"robots\" content=\"index, follow, max-snippet:-1, max-image-preview:large, max-video-preview:-1\" \/>\n<link rel=\"canonical\" href=\"https:\/\/www.egeeldiven.com\/?page_id=86\" \/>\n<meta property=\"og:locale\" content=\"tr_TR\" \/>\n<meta property=\"og:type\" content=\"article\" \/>\n<meta property=\"og:title\" content=\"Pamuk \u00d6rg\u00fc \u0130\u015f Eldiveni - EGE ELD\u0130VEN\" \/>\n<meta property=\"og:url\" content=\"https:\/\/www.egeeldiven.com\/?page_id=86\" \/>\n<meta property=\"og:site_name\" content=\"EGE ELD\u0130VEN\" \/>\n<meta property=\"article:modified_time\" content=\"2022-12-12T20:05:37+00:00\" \/>\n<meta property=\"og:image\" content=\"https:\/\/www.egeeldiven.com\/wp-content\/uploads\/2022\/12\/Pamuk-Orgu-Is-Eldiveni.png\" \/>\n<meta name=\"twitter:card\" content=\"summary_large_image\" \/>\n<script type=\"application\/ld+json\" class=\"yoast-schema-graph\">{\"@context\":\"https:\/\/schema.org\",\"@graph\":[{\"@type\":\"WebPage\",\"@id\":\"https:\/\/www.egeeldiven.com\/?page_id=86\",\"url\":\"https:\/\/www.egeeldiven.com\/?page_id=86\",\"name\":\"Pamuk \u00d6rg\u00fc \u0130\u015f Eldiveni - EGE ELD\u0130VEN\",\"isPartOf\":{\"@id\":\"https:\/\/www.egeeldiven.com\/#website\"},\"datePublished\":\"2022-12-12T19:43:58+00:00\",\"dateModified\":\"2022-12-12T20:05:37+00:00\",\"breadcrumb\":{\"@id\":\"https:\/\/www.egeeldiven.com\/?page_id=86#breadcrumb\"},\"inLanguage\":\"tr\",\"potentialAction\":[{\"@type\":\"ReadAction\",\"target\":[\"https:\/\/www.egeeldiven.com\/?page_id=86\"]}]},{\"@type\":\"BreadcrumbList\",\"@id\":\"https:\/\/www.egeeldiven.com\/?page_id=86#breadcrumb\",\"itemListElement\":[{\"@type\":\"ListItem\",\"position\":1,\"name\":\"Anasayfa\",\"item\":\"https:\/\/www.egeeldiven.com\/\"},{\"@type\":\"ListItem\",\"position\":2,\"name\":\"Pamuk \u00d6rg\u00fc \u0130\u015f Eldiveni\"}]},{\"@type\":\"WebSite\",\"@id\":\"https:\/\/www.egeeldiven.com\/#website\",\"url\":\"https:\/\/www.egeeldiven.com\/\",\"name\":\"EGE ELD\u0130VEN\",\"description\":\"\",\"potentialAction\":[{\"@type\":\"SearchAction\",\"target\":{\"@type\":\"EntryPoint\",\"urlTemplate\":\"https:\/\/www.egeeldiven.com\/?s={search_term_string}\"},\"query-input\":\"required name=search_term_string\"}],\"inLanguage\":\"tr\"}]}<\/script>\n<!-- \/ Yoast SEO plugin. -->","yoast_head_json":{"title":"Pamuk \u00d6rg\u00fc \u0130\u015f Eldiveni - EGE ELD\u0130VEN","robots":{"index":"index","follow":"follow","max-snippet":"max-snippet:-1","max-image-preview":"max-image-preview:large","max-video-preview":"max-video-preview:-1"},"canonical":"https:\/\/www.egeeldiven.com\/?page_id=86","og_locale":"tr_TR","og_type":"article","og_title":"Pamuk \u00d6rg\u00fc \u0130\u015f Eldiveni - EGE ELD\u0130VEN","og_url":"https:\/\/www.egeeldiven.com\/?page_id=86","og_site_name":"EGE ELD\u0130VEN","article_modified_time":"2022-12-12T20:05:37+00:00","og_image":[{"url":"https:\/\/www.egeeldiven.com\/wp-content\/uploads\/2022\/12\/Pamuk-Orgu-Is-Eldiveni.png"}],"twitter_card":"summary_large_image","schema":{"@context":"https:\/\/schema.org","@graph":[{"@type":"WebPage","@id":"https:\/\/www.egeeldiven.com\/?page_id=86","url":"https:\/\/www.egeeldiven.com\/?page_id=86","name":"Pamuk \u00d6rg\u00fc \u0130\u015f Eldiveni - EGE ELD\u0130VEN","isPartOf":{"@id":"https:\/\/www.egeeldiven.com\/#website"},"datePublished":"2022-12-12T19:43:58+00:00","dateModified":"2022-12-12T20:05:37+00:00","breadcrumb":{"@id":"https:\/\/www.egeeldiven.com\/?page_id=86#breadcrumb"},"inLanguage":"tr","potentialAction":[{"@type":"ReadAction","target":["https:\/\/www.egeeldiven.com\/?page_id=86"]}]},{"@type":"BreadcrumbList","@id":"https:\/\/www.egeeldiven.com\/?page_id=86#breadcrumb","itemListElement":[{"@type":"ListItem","position":1,"name":"Anasayfa","item":"https:\/\/www.egeeldiven.com\/"},{"@type":"ListItem","position":2,"name":"Pamuk \u00d6rg\u00fc \u0130\u015f Eldiveni"}]},{"@type":"WebSite","@id":"https:\/\/www.egeeldiven.com\/#website","url":"https:\/\/www.egeeldiven.com\/","name":"EGE ELD\u0130VEN","description":"","potentialAction":[{"@type":"SearchAction","target":{"@type":"EntryPoint","urlTemplate":"https:\/\/www.egeeldiven.com\/?s={search_term_string}"},"query-input":"required name=search_term_string"}],"inLanguage":"tr"}]}},"_links":{"self":[{"href":"https:\/\/www.egeeldiven.com\/index.php?rest_route=\/wp\/v2\/pages\/86"}],"collection":[{"href":"https:\/\/www.egeeldiven.com\/index.php?rest_route=\/wp\/v2\/pages"}],"about":[{"href":"https:\/\/www.egeeldiven.com\/index.php?rest_route=\/wp\/v2\/types\/page"}],"author":[{"embeddable":true,"href":"https:\/\/www.egeeldiven.com\/index.php?rest_route=\/wp\/v2\/users\/1"}],"replies":[{"embeddable":true,"href":"https:\/\/www.egeeldiven.com\/index.php?rest_route=%2Fwp%2Fv2%2Fcomments&post=86"}],"version-history":[{"count":3,"href":"https:\/\/www.egeeldiven.com\/index.php?rest_route=\/wp\/v2\/pages\/86\/revisions"}],"predecessor-version":[{"id":119,"href":"https:\/\/www.egeeldiven.com\/index.php?rest_route=\/wp\/v2\/pages\/86\/revisions\/119"}],"wp:attachment":[{"href":"https:\/\/www.egeeldiven.com\/index.php?rest_route=%2Fwp%2Fv2%2Fmedia&parent=86"}],"curies":[{"name":"wp","href":"https:\/\/api.w.org\/{rel}","templated":true}]}}