{"id":120,"date":"2022-12-12T23:06:58","date_gmt":"2022-12-12T20:06:58","guid":{"rendered":"https:\/\/www.egeeldiven.com\/?page_id=120"},"modified":"2022-12-12T23:29:32","modified_gmt":"2022-12-12T20:29:32","slug":"parmak-isiya-ve-kesilmeye-dayanikli-kollu","status":"publish","type":"page","link":"https:\/\/www.egeeldiven.com\/?page_id=120","title":{"rendered":"Parmak Is\u0131ya ve Kesilmeye Dayan\u0131kl\u0131 Kollu"},"content":{"rendered":"<div class=\"wp-block-image\">\n<figure class=\"alignleft size-full\"><img decoding=\"async\" loading=\"lazy\" width=\"583\" height=\"424\" src=\"https:\/\/www.egeeldiven.com\/wp-content\/uploads\/2022\/12\/Parmak-Isiya-ve-Kesilmeye-Dayanikli-.png\" alt=\"\" class=\"wp-image-121\" srcset=\"https:\/\/www.egeeldiven.com\/wp-content\/uploads\/2022\/12\/Parmak-Isiya-ve-Kesilmeye-Dayanikli-.png 583w, https:\/\/www.egeeldiven.com\/wp-content\/uploads\/2022\/12\/Parmak-Isiya-ve-Kesilmeye-Dayanikli--300x218.png 300w\" sizes=\"(max-width: 583px) 100vw, 583px\" \/><figcaption class=\"wp-element-caption\"><strong>Teknik Nitelikler;<\/strong><br>&#8211;&nbsp;&nbsp;&nbsp;&nbsp;&nbsp;&nbsp; Y\u00fcksek s\u0131cakl\u0131ktaki kuru par\u00e7alara temas edilen t\u00fcm \u00e7al\u0131\u015fmalarda kullan\u0131lmak \u00fczere tasarlanm\u0131\u015ft\u0131r.<br>&#8211;&nbsp;&nbsp;&nbsp;&nbsp;&nbsp;&nbsp; Alev alma, tutu\u015fma, yanmaya kar\u015f\u0131 diren\u00e7lidir.<br>&#8211;&nbsp;&nbsp;&nbsp;&nbsp;&nbsp;&nbsp; Kesilmeye kar\u015f\u0131 en \u00fcst seviyede koruma sa\u011flar<strong>.<\/strong><br><strong>&nbsp;<\/strong><br><strong>Genel Nitelikler;<\/strong><br>&#8211;&nbsp;&nbsp;&nbsp;&nbsp;&nbsp;&nbsp; Diki\u015fsizdir, diki\u015fli eldivenlere g\u00f6re daha konforlu ve uzun \u00f6m\u00fcrl\u00fcd\u00fcr.<br>&#8211;&nbsp;&nbsp;&nbsp;&nbsp;&nbsp;&nbsp; \u00d6rme yap\u0131s\u0131 sayesinde hava dola\u015f\u0131m\u0131na izin verir, terlemeyi \u00f6nleyerek konfor ve hijyen sa\u011flar.<br>&#8211;&nbsp;&nbsp;&nbsp;&nbsp;&nbsp;&nbsp; \u00c7ift olarak sat\u0131l\u0131r.<br><strong>&nbsp;<\/strong><br><strong>Kullan\u0131ld\u0131\u011f\u0131 Sekt\u00f6rler;<\/strong><br>&#8211;&nbsp;&nbsp;&nbsp;&nbsp;&nbsp;&nbsp; Otomotiv<br>&#8211;&nbsp;&nbsp;&nbsp;&nbsp;&nbsp;&nbsp; Kau\u00e7uk \u00dcretimi<br>&#8211;&nbsp;&nbsp;&nbsp;&nbsp;&nbsp;&nbsp; Makine \u00dcretim<br>&#8211;&nbsp;&nbsp;&nbsp;&nbsp;&nbsp;&nbsp; Cam \u00dcretim \/ \u0130\u015fleme<br>&#8211;&nbsp;&nbsp;&nbsp;&nbsp;&nbsp;&nbsp; Metal \u00dcretim \/ \u0130\u015fleme<\/figcaption><\/figure><\/div>\n\n\n<p><\/p>\n","protected":false},"excerpt":{"rendered":"","protected":false},"author":1,"featured_media":0,"parent":0,"menu_order":0,"comment_status":"closed","ping_status":"closed","template":"","meta":[],"yoast_head":"<!-- This site is optimized with the Yoast SEO plugin v19.11 - https:\/\/yoast.com\/wordpress\/plugins\/seo\/ -->\n<title>Parmak Is\u0131ya ve Kesilmeye Dayan\u0131kl\u0131 Kollu - EGE ELD\u0130VEN<\/title>\n<meta name=\"robots\" content=\"index, follow, max-snippet:-1, max-image-preview:large, max-video-preview:-1\" \/>\n<link rel=\"canonical\" href=\"https:\/\/www.egeeldiven.com\/?page_id=120\" \/>\n<meta property=\"og:locale\" content=\"tr_TR\" \/>\n<meta property=\"og:type\" content=\"article\" \/>\n<meta property=\"og:title\" content=\"Parmak Is\u0131ya ve Kesilmeye Dayan\u0131kl\u0131 Kollu - EGE ELD\u0130VEN\" \/>\n<meta property=\"og:url\" content=\"https:\/\/www.egeeldiven.com\/?page_id=120\" \/>\n<meta property=\"og:site_name\" content=\"EGE ELD\u0130VEN\" \/>\n<meta property=\"article:modified_time\" content=\"2022-12-12T20:29:32+00:00\" \/>\n<meta property=\"og:image\" content=\"https:\/\/www.egeeldiven.com\/wp-content\/uploads\/2022\/12\/Parmak-Isiya-ve-Kesilmeye-Dayanikli-.png\" \/>\n<meta name=\"twitter:card\" content=\"summary_large_image\" \/>\n<meta name=\"twitter:label1\" content=\"Tahmini okuma s\u00fcresi\" \/>\n\t<meta name=\"twitter:data1\" content=\"1 dakika\" \/>\n<script type=\"application\/ld+json\" class=\"yoast-schema-graph\">{\"@context\":\"https:\/\/schema.org\",\"@graph\":[{\"@type\":\"WebPage\",\"@id\":\"https:\/\/www.egeeldiven.com\/?page_id=120\",\"url\":\"https:\/\/www.egeeldiven.com\/?page_id=120\",\"name\":\"Parmak Is\u0131ya ve Kesilmeye Dayan\u0131kl\u0131 Kollu - EGE ELD\u0130VEN\",\"isPartOf\":{\"@id\":\"https:\/\/www.egeeldiven.com\/#website\"},\"datePublished\":\"2022-12-12T20:06:58+00:00\",\"dateModified\":\"2022-12-12T20:29:32+00:00\",\"breadcrumb\":{\"@id\":\"https:\/\/www.egeeldiven.com\/?page_id=120#breadcrumb\"},\"inLanguage\":\"tr\",\"potentialAction\":[{\"@type\":\"ReadAction\",\"target\":[\"https:\/\/www.egeeldiven.com\/?page_id=120\"]}]},{\"@type\":\"BreadcrumbList\",\"@id\":\"https:\/\/www.egeeldiven.com\/?page_id=120#breadcrumb\",\"itemListElement\":[{\"@type\":\"ListItem\",\"position\":1,\"name\":\"Anasayfa\",\"item\":\"https:\/\/www.egeeldiven.com\/\"},{\"@type\":\"ListItem\",\"position\":2,\"name\":\"Parmak Is\u0131ya ve Kesilmeye Dayan\u0131kl\u0131 Kollu\"}]},{\"@type\":\"WebSite\",\"@id\":\"https:\/\/www.egeeldiven.com\/#website\",\"url\":\"https:\/\/www.egeeldiven.com\/\",\"name\":\"EGE ELD\u0130VEN\",\"description\":\"\",\"potentialAction\":[{\"@type\":\"SearchAction\",\"target\":{\"@type\":\"EntryPoint\",\"urlTemplate\":\"https:\/\/www.egeeldiven.com\/?s={search_term_string}\"},\"query-input\":\"required name=search_term_string\"}],\"inLanguage\":\"tr\"}]}<\/script>\n<!-- \/ Yoast SEO plugin. -->","yoast_head_json":{"title":"Parmak Is\u0131ya ve Kesilmeye Dayan\u0131kl\u0131 Kollu - EGE ELD\u0130VEN","robots":{"index":"index","follow":"follow","max-snippet":"max-snippet:-1","max-image-preview":"max-image-preview:large","max-video-preview":"max-video-preview:-1"},"canonical":"https:\/\/www.egeeldiven.com\/?page_id=120","og_locale":"tr_TR","og_type":"article","og_title":"Parmak Is\u0131ya ve Kesilmeye Dayan\u0131kl\u0131 Kollu - EGE ELD\u0130VEN","og_url":"https:\/\/www.egeeldiven.com\/?page_id=120","og_site_name":"EGE ELD\u0130VEN","article_modified_time":"2022-12-12T20:29:32+00:00","og_image":[{"url":"https:\/\/www.egeeldiven.com\/wp-content\/uploads\/2022\/12\/Parmak-Isiya-ve-Kesilmeye-Dayanikli-.png"}],"twitter_card":"summary_large_image","twitter_misc":{"Tahmini okuma s\u00fcresi":"1 dakika"},"schema":{"@context":"https:\/\/schema.org","@graph":[{"@type":"WebPage","@id":"https:\/\/www.egeeldiven.com\/?page_id=120","url":"https:\/\/www.egeeldiven.com\/?page_id=120","name":"Parmak Is\u0131ya ve Kesilmeye Dayan\u0131kl\u0131 Kollu - EGE ELD\u0130VEN","isPartOf":{"@id":"https:\/\/www.egeeldiven.com\/#website"},"datePublished":"2022-12-12T20:06:58+00:00","dateModified":"2022-12-12T20:29:32+00:00","breadcrumb":{"@id":"https:\/\/www.egeeldiven.com\/?page_id=120#breadcrumb"},"inLanguage":"tr","potentialAction":[{"@type":"ReadAction","target":["https:\/\/www.egeeldiven.com\/?page_id=120"]}]},{"@type":"BreadcrumbList","@id":"https:\/\/www.egeeldiven.com\/?page_id=120#breadcrumb","itemListElement":[{"@type":"ListItem","position":1,"name":"Anasayfa","item":"https:\/\/www.egeeldiven.com\/"},{"@type":"ListItem","position":2,"name":"Parmak Is\u0131ya ve Kesilmeye Dayan\u0131kl\u0131 Kollu"}]},{"@type":"WebSite","@id":"https:\/\/www.egeeldiven.com\/#website","url":"https:\/\/www.egeeldiven.com\/","name":"EGE ELD\u0130VEN","description":"","potentialAction":[{"@type":"SearchAction","target":{"@type":"EntryPoint","urlTemplate":"https:\/\/www.egeeldiven.com\/?s={search_term_string}"},"query-input":"required name=search_term_string"}],"inLanguage":"tr"}]}},"_links":{"self":[{"href":"https:\/\/www.egeeldiven.com\/index.php?rest_route=\/wp\/v2\/pages\/120"}],"collection":[{"href":"https:\/\/www.egeeldiven.com\/index.php?rest_route=\/wp\/v2\/pages"}],"about":[{"href":"https:\/\/www.egeeldiven.com\/index.php?rest_route=\/wp\/v2\/types\/page"}],"author":[{"embeddable":true,"href":"https:\/\/www.egeeldiven.com\/index.php?rest_route=\/wp\/v2\/users\/1"}],"replies":[{"embeddable":true,"href":"https:\/\/www.egeeldiven.com\/index.php?rest_route=%2Fwp%2Fv2%2Fcomments&post=120"}],"version-history":[{"count":3,"href":"https:\/\/www.egeeldiven.com\/index.php?rest_route=\/wp\/v2\/pages\/120\/revisions"}],"predecessor-version":[{"id":142,"href":"https:\/\/www.egeeldiven.com\/index.php?rest_route=\/wp\/v2\/pages\/120\/revisions\/142"}],"wp:attachment":[{"href":"https:\/\/www.egeeldiven.com\/index.php?rest_route=%2Fwp%2Fv2%2Fmedia&parent=120"}],"curies":[{"name":"wp","href":"https:\/\/api.w.org\/{rel}","templated":true}]}}