{"id":102,"date":"2022-12-12T22:47:25","date_gmt":"2022-12-12T19:47:25","guid":{"rendered":"https:\/\/www.egeeldiven.com\/?page_id=102"},"modified":"2022-12-12T23:01:42","modified_gmt":"2022-12-12T20:01:42","slug":"parmak-isiya-ve-kesilmeye-dayanikli-bilekli-orgu-is-eldiveni","status":"publish","type":"page","link":"https:\/\/www.egeeldiven.com\/?page_id=102","title":{"rendered":"Is\u0131ya ve Kesilmeye Dayan\u0131kl\u0131 Bilekli \u00d6rg\u00fc \u0130\u015f Eldiveni"},"content":{"rendered":"\n<figure class=\"wp-block-image size-full is-resized\"><a href=\"https:\/\/www.egeeldiven.com\/wp-content\/uploads\/2022\/12\/eldiven2.png\"><img decoding=\"async\" loading=\"lazy\" src=\"https:\/\/www.egeeldiven.com\/wp-content\/uploads\/2022\/12\/eldiven2.png\" alt=\"\" class=\"wp-image-40\" width=\"575\" height=\"593\" srcset=\"https:\/\/www.egeeldiven.com\/wp-content\/uploads\/2022\/12\/eldiven2.png 536w, https:\/\/www.egeeldiven.com\/wp-content\/uploads\/2022\/12\/eldiven2-290x300.png 290w\" sizes=\"(max-width: 575px) 100vw, 575px\" \/><\/a><\/figure>\n\n\n\n<ul>\n<li><\/li>\n<\/ul>\n\n\n\n<p><strong>Teknik Nitelikler;<\/strong><\/p>\n\n\n\n<ul>\n<li>Y\u00fcksek s\u0131cakl\u0131ktaki kuru par\u00e7alara temas edilen t\u00fcm \u00e7al\u0131\u015fmalarda kullan\u0131lmak \u00fczere tasarlanm\u0131\u015ft\u0131r.<\/li>\n\n\n\n<li>Alev alma, tutu\u015fma, yanmaya kar\u015f\u0131 diren\u00e7lidir.<\/li>\n\n\n\n<li>Kesilmeye kar\u015f\u0131 en \u00fcst seviyede koruma sa\u011flar.<\/li>\n<\/ul>\n\n\n\n<p><strong>Genel Nitelikler;<\/strong><\/p>\n\n\n\n<ul>\n<li>Diki\u015fsizdir, diki\u015fli eldivenlere g\u00f6re daha konforlu ve uzun \u00f6m\u00fcrl\u00fcd\u00fcr.<\/li>\n\n\n\n<li>\u00d6rme yap\u0131s\u0131 sayesinde hava dola\u015f\u0131m\u0131na izin verir, terlemeyi \u00f6nleyerek konfor ve hijyen sa\u011flar.<\/li>\n\n\n\n<li>\u00c7ift olarak sat\u0131l\u0131r.<\/li>\n<\/ul>\n\n\n\n<p><strong>Kullan\u0131ld\u0131\u011f\u0131 Sekt\u00f6rler;<\/strong><\/p>\n\n\n\n<ul>\n<li>Otomotiv<\/li>\n\n\n\n<li>Kau\u00e7uk \u00dcretimi<\/li>\n\n\n\n<li>Makine \u00dcretim<\/li>\n\n\n\n<li>Cam \u00dcretim \/ \u0130\u015fleme<\/li>\n\n\n\n<li>Metal \u00dcretim \/ \u0130\u015fleme<\/li>\n<\/ul>\n","protected":false},"excerpt":{"rendered":"<p>Teknik Nitelikler; Genel Nitelikler; Kullan\u0131ld\u0131\u011f\u0131 Sekt\u00f6rler;<\/p>\n","protected":false},"author":1,"featured_media":0,"parent":0,"menu_order":0,"comment_status":"closed","ping_status":"closed","template":"","meta":[],"yoast_head":"<!-- This site is optimized with the Yoast SEO plugin v19.11 - https:\/\/yoast.com\/wordpress\/plugins\/seo\/ -->\n<title>Is\u0131ya ve Kesilmeye Dayan\u0131kl\u0131 Bilekli \u00d6rg\u00fc \u0130\u015f Eldiveni - EGE ELD\u0130VEN<\/title>\n<meta name=\"robots\" content=\"index, follow, max-snippet:-1, max-image-preview:large, max-video-preview:-1\" \/>\n<link rel=\"canonical\" href=\"https:\/\/www.egeeldiven.com\/?page_id=102\" \/>\n<meta property=\"og:locale\" content=\"tr_TR\" \/>\n<meta property=\"og:type\" content=\"article\" \/>\n<meta property=\"og:title\" content=\"Is\u0131ya ve Kesilmeye Dayan\u0131kl\u0131 Bilekli \u00d6rg\u00fc \u0130\u015f Eldiveni - EGE ELD\u0130VEN\" \/>\n<meta property=\"og:description\" content=\"Teknik Nitelikler; Genel Nitelikler; Kullan\u0131ld\u0131\u011f\u0131 Sekt\u00f6rler;\" \/>\n<meta property=\"og:url\" content=\"https:\/\/www.egeeldiven.com\/?page_id=102\" \/>\n<meta property=\"og:site_name\" content=\"EGE ELD\u0130VEN\" \/>\n<meta property=\"article:modified_time\" content=\"2022-12-12T20:01:42+00:00\" \/>\n<meta property=\"og:image\" content=\"https:\/\/www.egeeldiven.com\/wp-content\/uploads\/2022\/12\/eldiven2.png\" \/>\n<meta name=\"twitter:card\" content=\"summary_large_image\" \/>\n<script type=\"application\/ld+json\" class=\"yoast-schema-graph\">{\"@context\":\"https:\/\/schema.org\",\"@graph\":[{\"@type\":\"WebPage\",\"@id\":\"https:\/\/www.egeeldiven.com\/?page_id=102\",\"url\":\"https:\/\/www.egeeldiven.com\/?page_id=102\",\"name\":\"Is\u0131ya ve Kesilmeye Dayan\u0131kl\u0131 Bilekli \u00d6rg\u00fc \u0130\u015f Eldiveni - EGE ELD\u0130VEN\",\"isPartOf\":{\"@id\":\"https:\/\/www.egeeldiven.com\/#website\"},\"datePublished\":\"2022-12-12T19:47:25+00:00\",\"dateModified\":\"2022-12-12T20:01:42+00:00\",\"breadcrumb\":{\"@id\":\"https:\/\/www.egeeldiven.com\/?page_id=102#breadcrumb\"},\"inLanguage\":\"tr\",\"potentialAction\":[{\"@type\":\"ReadAction\",\"target\":[\"https:\/\/www.egeeldiven.com\/?page_id=102\"]}]},{\"@type\":\"BreadcrumbList\",\"@id\":\"https:\/\/www.egeeldiven.com\/?page_id=102#breadcrumb\",\"itemListElement\":[{\"@type\":\"ListItem\",\"position\":1,\"name\":\"Anasayfa\",\"item\":\"https:\/\/www.egeeldiven.com\/\"},{\"@type\":\"ListItem\",\"position\":2,\"name\":\"Is\u0131ya ve Kesilmeye Dayan\u0131kl\u0131 Bilekli \u00d6rg\u00fc \u0130\u015f Eldiveni\"}]},{\"@type\":\"WebSite\",\"@id\":\"https:\/\/www.egeeldiven.com\/#website\",\"url\":\"https:\/\/www.egeeldiven.com\/\",\"name\":\"EGE ELD\u0130VEN\",\"description\":\"\",\"potentialAction\":[{\"@type\":\"SearchAction\",\"target\":{\"@type\":\"EntryPoint\",\"urlTemplate\":\"https:\/\/www.egeeldiven.com\/?s={search_term_string}\"},\"query-input\":\"required name=search_term_string\"}],\"inLanguage\":\"tr\"}]}<\/script>\n<!-- \/ Yoast SEO plugin. -->","yoast_head_json":{"title":"Is\u0131ya ve Kesilmeye Dayan\u0131kl\u0131 Bilekli \u00d6rg\u00fc \u0130\u015f Eldiveni - EGE ELD\u0130VEN","robots":{"index":"index","follow":"follow","max-snippet":"max-snippet:-1","max-image-preview":"max-image-preview:large","max-video-preview":"max-video-preview:-1"},"canonical":"https:\/\/www.egeeldiven.com\/?page_id=102","og_locale":"tr_TR","og_type":"article","og_title":"Is\u0131ya ve Kesilmeye Dayan\u0131kl\u0131 Bilekli \u00d6rg\u00fc \u0130\u015f Eldiveni - EGE ELD\u0130VEN","og_description":"Teknik Nitelikler; Genel Nitelikler; Kullan\u0131ld\u0131\u011f\u0131 Sekt\u00f6rler;","og_url":"https:\/\/www.egeeldiven.com\/?page_id=102","og_site_name":"EGE ELD\u0130VEN","article_modified_time":"2022-12-12T20:01:42+00:00","og_image":[{"url":"https:\/\/www.egeeldiven.com\/wp-content\/uploads\/2022\/12\/eldiven2.png"}],"twitter_card":"summary_large_image","schema":{"@context":"https:\/\/schema.org","@graph":[{"@type":"WebPage","@id":"https:\/\/www.egeeldiven.com\/?page_id=102","url":"https:\/\/www.egeeldiven.com\/?page_id=102","name":"Is\u0131ya ve Kesilmeye Dayan\u0131kl\u0131 Bilekli \u00d6rg\u00fc \u0130\u015f Eldiveni - EGE ELD\u0130VEN","isPartOf":{"@id":"https:\/\/www.egeeldiven.com\/#website"},"datePublished":"2022-12-12T19:47:25+00:00","dateModified":"2022-12-12T20:01:42+00:00","breadcrumb":{"@id":"https:\/\/www.egeeldiven.com\/?page_id=102#breadcrumb"},"inLanguage":"tr","potentialAction":[{"@type":"ReadAction","target":["https:\/\/www.egeeldiven.com\/?page_id=102"]}]},{"@type":"BreadcrumbList","@id":"https:\/\/www.egeeldiven.com\/?page_id=102#breadcrumb","itemListElement":[{"@type":"ListItem","position":1,"name":"Anasayfa","item":"https:\/\/www.egeeldiven.com\/"},{"@type":"ListItem","position":2,"name":"Is\u0131ya ve Kesilmeye Dayan\u0131kl\u0131 Bilekli \u00d6rg\u00fc \u0130\u015f Eldiveni"}]},{"@type":"WebSite","@id":"https:\/\/www.egeeldiven.com\/#website","url":"https:\/\/www.egeeldiven.com\/","name":"EGE ELD\u0130VEN","description":"","potentialAction":[{"@type":"SearchAction","target":{"@type":"EntryPoint","urlTemplate":"https:\/\/www.egeeldiven.com\/?s={search_term_string}"},"query-input":"required name=search_term_string"}],"inLanguage":"tr"}]}},"_links":{"self":[{"href":"https:\/\/www.egeeldiven.com\/index.php?rest_route=\/wp\/v2\/pages\/102"}],"collection":[{"href":"https:\/\/www.egeeldiven.com\/index.php?rest_route=\/wp\/v2\/pages"}],"about":[{"href":"https:\/\/www.egeeldiven.com\/index.php?rest_route=\/wp\/v2\/types\/page"}],"author":[{"embeddable":true,"href":"https:\/\/www.egeeldiven.com\/index.php?rest_route=\/wp\/v2\/users\/1"}],"replies":[{"embeddable":true,"href":"https:\/\/www.egeeldiven.com\/index.php?rest_route=%2Fwp%2Fv2%2Fcomments&post=102"}],"version-history":[{"count":4,"href":"https:\/\/www.egeeldiven.com\/index.php?rest_route=\/wp\/v2\/pages\/102\/revisions"}],"predecessor-version":[{"id":110,"href":"https:\/\/www.egeeldiven.com\/index.php?rest_route=\/wp\/v2\/pages\/102\/revisions\/110"}],"wp:attachment":[{"href":"https:\/\/www.egeeldiven.com\/index.php?rest_route=%2Fwp%2Fv2%2Fmedia&parent=102"}],"curies":[{"name":"wp","href":"https:\/\/api.w.org\/{rel}","templated":true}]}}